{"id":13,"date":"2023-04-07T16:27:12","date_gmt":"2023-04-07T14:27:12","guid":{"rendered":"https:\/\/irispace.fr\/?page_id=13"},"modified":"2024-11-19T16:20:36","modified_gmt":"2024-11-19T15:20:36","slug":"observatoire-du-spatial","status":"publish","type":"page","link":"https:\/\/irispace.fr\/index.php\/le-spatial-en-bretagne\/observatoire-du-spatial\/","title":{"rendered":"Observatoire du spatial en Bretagne"},"content":{"rendered":"\n<p>L'<strong>Observatoire du Spatial de Bretagne<\/strong> a pour objectif, \u00e0 terme, de qualifier et mesurer l'activit\u00e9 du spatial en Bretagne \u00e0 travers la Recherche, l'Industrie, la Formation et les Infrastructures pr\u00e9sentes en r\u00e9gion.<br><br>Gr\u00e2ce aux outils de <a href=\"https:\/\/www.bdi.fr\/fr\/accueil\/\" data-type=\"URL\" data-id=\"https:\/\/www.bdi.fr\/fr\/accueil\/\">Bretagne D\u00e9veloppement Innovation<\/a>, IRISPACE est en capacit\u00e9 de proposer une cartographie et un annuaire du spatial en Bretagne. Une synth\u00e8se annuelle de l'\u00e9volution de cette activit\u00e9 (publications scientifiques, cr\u00e9ations d'entreprises, nombre d'emplois, etc.) sera \u00e9galement r\u00e9dig\u00e9e.<\/p>\n\n\n\n<p>L'Observatoire du Spatial Bretagne se base sur un r\u00e9f\u00e9rentiel d\u00e9velopp\u00e9 par IRISPACE \u00e0 partir de <a href=\"https:\/\/www.esa.int\/About_Us\/ESA_Publications\/STM-277_ESA_Technology_Tree\" data-type=\"URL\" data-id=\"https:\/\/www.esa.int\/About_Us\/ESA_Publications\/STM-277_ESA_Technology_Tree\">l'arbre des technologies de l'ESA<\/a> adapt\u00e9 au contexte r\u00e9gional et test\u00e9 aupr\u00e8s d'acteurs acad\u00e9miques et industriels.<\/p>\n\n\n<div class=\"wp-block-image\">\n<figure class=\"aligncenter size-full is-resized\"><img loading=\"lazy\" decoding=\"async\" width=\"1920\" height=\"700\" src=\"https:\/\/irispace.fr\/wp-content\/uploads\/2023\/04\/value-chain-uses-lock1.png\" alt=\"\" class=\"wp-image-74\" style=\"width:615px;height:224px\" srcset=\"https:\/\/irispace.fr\/wp-content\/uploads\/2023\/04\/value-chain-uses-lock1.png 1920w, https:\/\/irispace.fr\/wp-content\/uploads\/2023\/04\/value-chain-uses-lock1-300x109.png 300w, https:\/\/irispace.fr\/wp-content\/uploads\/2023\/04\/value-chain-uses-lock1-1024x373.png 1024w, https:\/\/irispace.fr\/wp-content\/uploads\/2023\/04\/value-chain-uses-lock1-768x280.png 768w, https:\/\/irispace.fr\/wp-content\/uploads\/2023\/04\/value-chain-uses-lock1-1536x560.png 1536w\" sizes=\"auto, (max-width: 1920px) 100vw, 1920px\" \/><\/figure>\n<\/div>\n\n\n<p class=\"has-text-align-center\"><em><strong>... Base de donn\u00e9es en cours de mise \u00e0 jour...<\/strong><\/em><\/p>\n\n\n\n<p class=\"has-x-large-font-size\"><iframe loading=\"lazy\" title=\"Widget Observatoire du Spatial en Bretagne\" src=\"https:\/\/widget.craftv5.bdi.fr\/fr\/annuaire\/c127997b-fcdc-4d84-bf12-8447353b9339\" allowfullscreen=\"allowfullscreen\" width=\"100%\" height=\"600\" frameborder=\"0\"><\/iframe><\/p>\n\n\n\n<p><\/p>\n","protected":false},"excerpt":{"rendered":"<p>L'Observatoire du Spatial de Bretagne a pour objectif, \u00e0 terme, de qualifier et mesurer l'activit\u00e9 du spatial en Bretagne \u00e0 [&hellip;]<\/p>\n","protected":false},"author":1,"featured_media":0,"parent":148,"menu_order":1,"comment_status":"closed","ping_status":"closed","template":"","meta":{"footnotes":""},"class_list":["post-13","page","type-page","status-publish","hentry"],"_links":{"self":[{"href":"https:\/\/irispace.fr\/index.php\/wp-json\/wp\/v2\/pages\/13","targetHints":{"allow":["GET"]}}],"collection":[{"href":"https:\/\/irispace.fr\/index.php\/wp-json\/wp\/v2\/pages"}],"about":[{"href":"https:\/\/irispace.fr\/index.php\/wp-json\/wp\/v2\/types\/page"}],"author":[{"embeddable":true,"href":"https:\/\/irispace.fr\/index.php\/wp-json\/wp\/v2\/users\/1"}],"replies":[{"embeddable":true,"href":"https:\/\/irispace.fr\/index.php\/wp-json\/wp\/v2\/comments?post=13"}],"version-history":[{"count":25,"href":"https:\/\/irispace.fr\/index.php\/wp-json\/wp\/v2\/pages\/13\/revisions"}],"predecessor-version":[{"id":540,"href":"https:\/\/irispace.fr\/index.php\/wp-json\/wp\/v2\/pages\/13\/revisions\/540"}],"up":[{"embeddable":true,"href":"https:\/\/irispace.fr\/index.php\/wp-json\/wp\/v2\/pages\/148"}],"wp:attachment":[{"href":"https:\/\/irispace.fr\/index.php\/wp-json\/wp\/v2\/media?parent=13"}],"curies":[{"name":"wp","href":"https:\/\/api.w.org\/{rel}","templated":true}]}}