{"id":148,"date":"2023-08-31T11:37:35","date_gmt":"2023-08-31T09:37:35","guid":{"rendered":"https:\/\/irispace.fr\/?page_id=148"},"modified":"2023-08-31T12:06:09","modified_gmt":"2023-08-31T10:06:09","slug":"le-spatial-en-bretagne","status":"publish","type":"page","link":"https:\/\/irispace.fr\/index.php\/le-spatial-en-bretagne\/","title":{"rendered":"Le Spatial en Bretagne"},"content":{"rendered":"\n<p>Les <strong>technologies spatiales et leurs applications<\/strong> ont aujourd\u2019hui une <strong>importance strat\u00e9gique<\/strong>, <strong>scientifique et \u00e9conomique<\/strong> dans de nombreux domaines et d\u00e9fis soci\u00e9taux du XXI<sup>\u00e8me<\/sup> si\u00e8cle (environnement, urbanisme, agriculture, c\u00f4tier, maritime, \u00e9nergie, risque, mobilit\u00e9, transport, lutte contre le changement climatique, connectivit\u00e9, etc.). Ces technologies deviennent peu \u00e0 peu des technologies de ruptures. Plusieurs \u00e9tudes montrent par ailleurs une <strong>croissance exponentielle<\/strong> de l\u2019\u00e9conomie du spatial au niveau mondial. Le <strong>d\u00e9cloisonnement du domaine spatial<\/strong> et les interconnexions avec d\u2019autres secteurs sont au c\u0153ur de cette dynamique, notamment port\u00e9e par le \u00ab&nbsp;<strong>NewSpace<\/strong>&nbsp;\u00bb.<\/p>\n\n\n\n<p>La <strong>R\u00e9gion Bretagne<\/strong> est aussi <strong>au c\u0153ur de cette dynamique<\/strong>. En effet, de nombreux acteurs r\u00e9gionaux (\u00e9tablissements d\u2019enseignement et\/ou de recherche, entreprises, \u00e9tablissements publics, collectivit\u00e9s, etc.) occupent une place importante sur la sc\u00e8ne r\u00e9gionale, nationale voire internationale dans le domaine des activit\u00e9s spatiales. Plus de cent acteurs r\u00e9gionaux se positionnent comme ayant de l\u2019activit\u00e9 dans le domaine \u00ab\u00a0spatial\u00a0\u00bb, que ce soit pour la conception de technologies qui embarqueront \u00e0 bord de satellites, ou bien dans l\u2019utilisation de donn\u00e9e satellitaires pour le d\u00e9veloppement de services et d\u2019applications.<\/p>\n\n\n\n<div class=\"wp-block-buttons is-content-justification-center is-layout-flex wp-container-core-buttons-is-layout-a89b3969 wp-block-buttons-is-layout-flex\">\n<div class=\"wp-block-button\"><a class=\"wp-block-button__link wp-element-button\" href=\"https:\/\/irispace.fr\/index.php\/le-spatial-en-bretagne\/observatoire-du-spatial\/\">Observatoire du spatial<\/a><\/div>\n\n\n\n<div class=\"wp-block-button\"><a class=\"wp-block-button__link wp-element-button\" href=\"https:\/\/irispace.fr\/index.php\/le-spatial-en-bretagne\/offres-demploi\/\">offres d'emploi<\/a><\/div>\n<\/div>\n\n\n\n<p><\/p>\n\n\n\n<p><\/p>\n","protected":false},"excerpt":{"rendered":"<p>Les technologies spatiales et leurs applications ont aujourd\u2019hui une importance strat\u00e9gique, scientifique et \u00e9conomique dans de nombreux domaines et d\u00e9fis [&hellip;]<\/p>\n","protected":false},"author":1,"featured_media":0,"parent":0,"menu_order":0,"comment_status":"closed","ping_status":"closed","template":"","meta":{"footnotes":""},"class_list":["post-148","page","type-page","status-publish","hentry"],"_links":{"self":[{"href":"https:\/\/irispace.fr\/index.php\/wp-json\/wp\/v2\/pages\/148","targetHints":{"allow":["GET"]}}],"collection":[{"href":"https:\/\/irispace.fr\/index.php\/wp-json\/wp\/v2\/pages"}],"about":[{"href":"https:\/\/irispace.fr\/index.php\/wp-json\/wp\/v2\/types\/page"}],"author":[{"embeddable":true,"href":"https:\/\/irispace.fr\/index.php\/wp-json\/wp\/v2\/users\/1"}],"replies":[{"embeddable":true,"href":"https:\/\/irispace.fr\/index.php\/wp-json\/wp\/v2\/comments?post=148"}],"version-history":[{"count":10,"href":"https:\/\/irispace.fr\/index.php\/wp-json\/wp\/v2\/pages\/148\/revisions"}],"predecessor-version":[{"id":392,"href":"https:\/\/irispace.fr\/index.php\/wp-json\/wp\/v2\/pages\/148\/revisions\/392"}],"wp:attachment":[{"href":"https:\/\/irispace.fr\/index.php\/wp-json\/wp\/v2\/media?parent=148"}],"curies":[{"name":"wp","href":"https:\/\/api.w.org\/{rel}","templated":true}]}}