{"id":15,"date":"2023-04-07T16:28:19","date_gmt":"2023-04-07T14:28:19","guid":{"rendered":"https:\/\/irispace.fr\/?page_id=15"},"modified":"2023-08-31T15:01:06","modified_gmt":"2023-08-31T13:01:06","slug":"centre-spatial-universitaire-bretagne","status":"publish","type":"page","link":"https:\/\/irispace.fr\/index.php\/les-plateformes\/centre-spatial-universitaire-bretagne\/","title":{"rendered":"Centre Spatial Universitaire de Bretagne"},"content":{"rendered":"\n<p>Le Centre Spatial Universitaire (CSU) Bretagne est une plateforme technologique qui permet de valider des concepts\/techniques\/technologies en orbite des membres IRISPACE avec le concours des \u00e9tudiants.<\/p>\n\n\n\n<p>Il r\u00e9pond pleinement aux ambitions d'IRISPACE de d\u00e9velopper sur le territoire breton des comp\u00e9tences fortes sur l'ensemble de la chaine de valeur du spatial : d\u00e9veloppement de mission satellitaire, conception de syst\u00e8mes satellitaires, d\u00e9veloppement du segment sol et traitement des signaux\/donn\u00e9es.<\/p>\n\n\n\n<p>Le CSU Bretagne s'inscrit \u00e9galement dans un plan d'actions qui a pour objectif de former une nouvelle g\u00e9n\u00e9ration de chercheurs, d'ing\u00e9nieurs et de techniciens du spatial sur le territoire breton.<\/p>\n\n\n\n<p>La principale mission du CSU est de d\u00e9velopper et coordonner les missions spatiales de type CubeSat au sein des universit\u00e9s et des \u00e9coles d'ing\u00e9nieurs de la r\u00e9gion Bretagne. Le CSU con\u00e7oit et fournit la plateforme pour des charges utiles concernant des sujets scientifiques et\/ou des d\u00e9monstrations technologiques sur proposition des laboratoires et des entreprises. <\/p>\n\n\n\n<p>Les \u00e9tudiants sont au c\u0153ur du fonctionnement du CSU : conception, r\u00e9alisation des prototypes et du mod\u00e8le de vol, tests, int\u00e9gration, \u00e9talonnages, op\u00e9ration en vol, traitement et analyse des r\u00e9sultats. Ils contribuent activement aux projets \u00e0 travers des stages, des alternances, des th\u00e8ses ou des projets d'\u00e9tude.<\/p>\n\n\n\n<p>Le CSU est g\u00e9r\u00e9 par une \u00e9quipe de permanents, ing\u00e9nieurs, scientifiques et experts membres d'IRISPACE et b\u00e9n\u00e9ficie du soutien du CNES. La gouvernance est assur\u00e9e de mani\u00e8re coll\u00e9giale. <\/p>\n\n\n\n<figure class=\"wp-block-gallery has-nested-images columns-default is-cropped wp-block-gallery-1 is-layout-flex wp-block-gallery-is-layout-flex\">\n<figure class=\"wp-block-image size-large\"><img loading=\"lazy\" decoding=\"async\" width=\"1024\" height=\"466\" data-id=\"139\" src=\"https:\/\/irispace.fr\/wp-content\/uploads\/2023\/06\/organigramme-1024x466.png\" alt=\"\" class=\"wp-image-139\" srcset=\"https:\/\/irispace.fr\/wp-content\/uploads\/2023\/06\/organigramme-1024x466.png 1024w, https:\/\/irispace.fr\/wp-content\/uploads\/2023\/06\/organigramme-300x136.png 300w, https:\/\/irispace.fr\/wp-content\/uploads\/2023\/06\/organigramme-768x349.png 768w, https:\/\/irispace.fr\/wp-content\/uploads\/2023\/06\/organigramme-1536x698.png 1536w, https:\/\/irispace.fr\/wp-content\/uploads\/2023\/06\/organigramme-2048x931.png 2048w, https:\/\/irispace.fr\/wp-content\/uploads\/2023\/06\/organigramme-2000x909.png 2000w, https:\/\/irispace.fr\/wp-content\/uploads\/2023\/06\/organigramme.png 4364w\" sizes=\"auto, (max-width: 1024px) 100vw, 1024px\" \/><\/figure>\n<\/figure>\n\n\n\n<p><\/p>\n\n\n\n<p>Au travers d'IRISPACE, le CSU b\u00e9n\u00e9ficie d'un acc\u00e8s privil\u00e9gi\u00e9 \u00e0 un r\u00e9seau d'experts, des moyens et des infrastructures pour le d\u00e9veloppement des diff\u00e9rentes composantes du segment spatial, de l'amont \u00e0 l'aval.<\/p>\n\n\n\n<p>Les activit\u00e9s du CSU ne se limitent pas aux missions de satellites mais concernent les activit\u00e9s spatiales au sens large (ballons stratosph\u00e9riques, drones...). Ces activit\u00e9s permettent de proposer des projets dont la dur\u00e9e de mise en \u0153uvre plus courte est adapt\u00e9e aux cycles de formations des \u00e9tudiants.<\/p>\n","protected":false},"excerpt":{"rendered":"<p>Le Centre Spatial Universitaire (CSU) Bretagne est une plateforme technologique qui permet de valider des concepts\/techniques\/technologies en orbite des membres [&hellip;]<\/p>\n","protected":false},"author":1,"featured_media":0,"parent":154,"menu_order":2,"comment_status":"closed","ping_status":"closed","template":"","meta":{"footnotes":""},"class_list":["post-15","page","type-page","status-publish","hentry"],"_links":{"self":[{"href":"https:\/\/irispace.fr\/index.php\/wp-json\/wp\/v2\/pages\/15","targetHints":{"allow":["GET"]}}],"collection":[{"href":"https:\/\/irispace.fr\/index.php\/wp-json\/wp\/v2\/pages"}],"about":[{"href":"https:\/\/irispace.fr\/index.php\/wp-json\/wp\/v2\/types\/page"}],"author":[{"embeddable":true,"href":"https:\/\/irispace.fr\/index.php\/wp-json\/wp\/v2\/users\/1"}],"replies":[{"embeddable":true,"href":"https:\/\/irispace.fr\/index.php\/wp-json\/wp\/v2\/comments?post=15"}],"version-history":[{"count":8,"href":"https:\/\/irispace.fr\/index.php\/wp-json\/wp\/v2\/pages\/15\/revisions"}],"predecessor-version":[{"id":158,"href":"https:\/\/irispace.fr\/index.php\/wp-json\/wp\/v2\/pages\/15\/revisions\/158"}],"up":[{"embeddable":true,"href":"https:\/\/irispace.fr\/index.php\/wp-json\/wp\/v2\/pages\/154"}],"wp:attachment":[{"href":"https:\/\/irispace.fr\/index.php\/wp-json\/wp\/v2\/media?parent=15"}],"curies":[{"name":"wp","href":"https:\/\/api.w.org\/{rel}","templated":true}]}}