{"id":17,"date":"2023-04-07T16:28:36","date_gmt":"2023-04-07T14:28:36","guid":{"rendered":"https:\/\/irispace.fr\/?page_id=17"},"modified":"2023-08-31T15:01:12","modified_gmt":"2023-08-31T13:01:12","slug":"copernicus-regional","status":"publish","type":"page","link":"https:\/\/irispace.fr\/index.php\/les-plateformes\/copernicus-regional\/","title":{"rendered":"Copernicus R\u00e9gional"},"content":{"rendered":"\n<p class=\"has-text-align-center\">Port\u00e9 par IRISPACE, le <strong>Copernicus R\u00e9gional<\/strong> est la d\u00e9marche r\u00e9gionale pour favoriser l'usage des donn\u00e9es issues du programme Europ\u00e9en Copernicus et autres donn\u00e9es d'observation de la Terre. Elle vise \u00e0 simplifier l'acc\u00e8s \u00e0 ces donn\u00e9es par un point d'acc\u00e8s unique, \u00e0 proposer assistance, entraide et mise en r\u00e9seau pour l'usage de ces donn\u00e9es, \u00e0 initier et accompagner la co-constructions d'applications et services r\u00e9gionaux utilisant des donn\u00e9es satellitaires.<\/p>\n\n\n\n<p><\/p>\n\n\n\n<div class=\"wp-block-buttons is-content-justification-center is-layout-flex wp-container-core-buttons-is-layout-a89b3969 wp-block-buttons-is-layout-flex\">\n<div class=\"wp-block-button\"><a class=\"wp-block-button__link has-text-align-center wp-element-button\" href=\"https:\/\/copernicus-regional.irispace.fr\/#\" target=\"_blank\" rel=\"noreferrer noopener\">Acc\u00e9dez \u00e0 la plateforme ici<\/a><\/div>\n<\/div>\n","protected":false},"excerpt":{"rendered":"<p>Port\u00e9 par IRISPACE, le Copernicus R\u00e9gional est la d\u00e9marche r\u00e9gionale pour favoriser l'usage des donn\u00e9es issues du programme Europ\u00e9en Copernicus [&hellip;]<\/p>\n","protected":false},"author":1,"featured_media":0,"parent":154,"menu_order":3,"comment_status":"closed","ping_status":"closed","template":"","meta":{"footnotes":""},"class_list":["post-17","page","type-page","status-publish","hentry"],"_links":{"self":[{"href":"https:\/\/irispace.fr\/index.php\/wp-json\/wp\/v2\/pages\/17","targetHints":{"allow":["GET"]}}],"collection":[{"href":"https:\/\/irispace.fr\/index.php\/wp-json\/wp\/v2\/pages"}],"about":[{"href":"https:\/\/irispace.fr\/index.php\/wp-json\/wp\/v2\/types\/page"}],"author":[{"embeddable":true,"href":"https:\/\/irispace.fr\/index.php\/wp-json\/wp\/v2\/users\/1"}],"replies":[{"embeddable":true,"href":"https:\/\/irispace.fr\/index.php\/wp-json\/wp\/v2\/comments?post=17"}],"version-history":[{"count":8,"href":"https:\/\/irispace.fr\/index.php\/wp-json\/wp\/v2\/pages\/17\/revisions"}],"predecessor-version":[{"id":398,"href":"https:\/\/irispace.fr\/index.php\/wp-json\/wp\/v2\/pages\/17\/revisions\/398"}],"up":[{"embeddable":true,"href":"https:\/\/irispace.fr\/index.php\/wp-json\/wp\/v2\/pages\/154"}],"wp:attachment":[{"href":"https:\/\/irispace.fr\/index.php\/wp-json\/wp\/v2\/media?parent=17"}],"curies":[{"name":"wp","href":"https:\/\/api.w.org\/{rel}","templated":true}]}}