{"id":519,"date":"2024-11-19T15:29:30","date_gmt":"2024-11-19T14:29:30","guid":{"rendered":"https:\/\/irispace.fr\/?page_id=519"},"modified":"2024-11-19T16:43:24","modified_gmt":"2024-11-19T15:43:24","slug":"developper-et-animer","status":"publish","type":"page","link":"https:\/\/irispace.fr\/index.php\/missions\/developper-et-animer\/","title":{"rendered":"D\u00e9velopper et animer"},"content":{"rendered":"\n<h1 class=\"wp-block-heading has-text-align-center\" id=\"headline-4-420\">Renforcer la visibilit\u00e9 du spatial breton<\/h1>\n\n\n\n<p>Dans un march\u00e9 de l'emploi comp\u00e9titif, attirer les meilleurs talents et renforcer l'attractivit\u00e9 du march\u00e9 du spatial en Bretagne demeure une priorit\u00e9 pour IRISPACE.&nbsp;L\u2019Institut s\u2019engage \u00e0 favoriser la mise en place d\u2019un environnement de travail dynamique et stimulant en favorisant l\u2019innovation et les \u00e9changes entre les acteurs.<\/p>\n\n\n\n<p><\/p>\n\n\n\n<p>IRISPACE offre \u00e9galement l\u2019opportunit\u00e9 \u00e0 ses membres de communiquer sur leurs offres d\u2019emploi et mettre en avant les opportunit\u00e9s professionnelles pr\u00e9sentes sur le territoire r\u00e9gional.<\/p>\n\n\n\n<p>IRISPACE propose aussi \u00e0 ses membre de mobiliser son r\u00e9seau r\u00e9gional et national afin d\u2019identifier des collaborateurs qui sauront r\u00e9pondre aux besoins en comp\u00e9tences de ses membres.<\/p>\n","protected":false},"excerpt":{"rendered":"<p>Renforcer la visibilit\u00e9 du spatial breton Dans un march\u00e9 de l'emploi comp\u00e9titif, attirer les meilleurs talents et renforcer l'attractivit\u00e9 du [&hellip;]<\/p>\n","protected":false},"author":4,"featured_media":0,"parent":515,"menu_order":0,"comment_status":"closed","ping_status":"closed","template":"","meta":{"footnotes":""},"class_list":["post-519","page","type-page","status-publish","hentry"],"_links":{"self":[{"href":"https:\/\/irispace.fr\/index.php\/wp-json\/wp\/v2\/pages\/519","targetHints":{"allow":["GET"]}}],"collection":[{"href":"https:\/\/irispace.fr\/index.php\/wp-json\/wp\/v2\/pages"}],"about":[{"href":"https:\/\/irispace.fr\/index.php\/wp-json\/wp\/v2\/types\/page"}],"author":[{"embeddable":true,"href":"https:\/\/irispace.fr\/index.php\/wp-json\/wp\/v2\/users\/4"}],"replies":[{"embeddable":true,"href":"https:\/\/irispace.fr\/index.php\/wp-json\/wp\/v2\/comments?post=519"}],"version-history":[{"count":5,"href":"https:\/\/irispace.fr\/index.php\/wp-json\/wp\/v2\/pages\/519\/revisions"}],"predecessor-version":[{"id":543,"href":"https:\/\/irispace.fr\/index.php\/wp-json\/wp\/v2\/pages\/519\/revisions\/543"}],"up":[{"embeddable":true,"href":"https:\/\/irispace.fr\/index.php\/wp-json\/wp\/v2\/pages\/515"}],"wp:attachment":[{"href":"https:\/\/irispace.fr\/index.php\/wp-json\/wp\/v2\/media?parent=519"}],"curies":[{"name":"wp","href":"https:\/\/api.w.org\/{rel}","templated":true}]}}